{"id":86,"date":"2017-02-08T12:01:53","date_gmt":"2017-02-08T11:01:53","guid":{"rendered":"http:\/\/www.deichbricks.de\/?page_id=86"},"modified":"2018-10-22T19:06:12","modified_gmt":"2018-10-22T17:06:12","slug":"bricklink","status":"publish","type":"page","link":"https:\/\/www.deichbricks.de\/index.php\/bricklink\/","title":{"rendered":"BrickLink?"},"content":{"rendered":"<p><strong>Was ist BrickLink?<\/strong><\/p>\n<p>BrickLink.com ist der gr\u00f6\u00dfte inoffizielle Marktplatz f\u00fcr aktuelle und historische LEGO\u00ae Produkte.<\/p>\n<p>Auf Basis eines st\u00e4ndig aktualisierten Katalogs (fast) aller je von LEGO\u00ae hergestellten Produkte bieten selbst\u00e4ndige H\u00e4ndler auf der ganzen Welt vom einzelnen Stein bis zu kompletten Sets eine unglaubliche Auswahl an.<\/p>\n<p>Besuche meinen Shop <a href=\"http:\/\/www.bricklink.com\/store\/home.page?p=DeichBricks\">DeichBricks<\/a> bei BrickLink und finde in \u00fcber 100.000 Teilen was Du immer gesucht hast!<\/p>\n<p>&nbsp;<\/p>\n<p><strong>What&#8217;s BrickLink?<\/strong><\/p>\n<p>BrickLink.com is the largest inofficial marketplace for current and historic LEGO\u00ae products.<\/p>\n<p>Based on a permanently updated Catalogue of (almost) every product ever produced by LEGO\u00ae, independent shop-owners offer an unbelievable choice from the single brick to complete sets.<\/p>\n<p>Visit my shop <a href=\"http:\/\/www.bricklink.com\/store\/home.page?p=DeichBricks\">DeichBricks<\/a> on BrickLink and find what you have always been looking for!<\/p>\n","protected":false},"excerpt":{"rendered":"<p>Was ist BrickLink? BrickLink.com ist der gr\u00f6\u00dfte inoffizielle Marktplatz f\u00fcr aktuelle und historische LEGO\u00ae Produkte. Auf Basis eines st\u00e4ndig aktualisierten Katalogs (fast) aller je von LEGO\u00ae hergestellten Produkte bieten selbst\u00e4ndige H\u00e4ndler auf der ganzen Welt vom einzelnen Stein bis zu kompletten Sets eine unglaubliche Auswahl an. Besuche meinen Shop DeichBricks bei BrickLink und finde in &hellip; <\/p>\n<p class=\"link-more\"><a href=\"https:\/\/www.deichbricks.de\/index.php\/bricklink\/\" class=\"more-link\"><span class=\"screen-reader-text\">\u201eBrickLink?\u201c <\/span>weiterlesen<\/a><\/p>\n","protected":false},"author":1,"featured_media":0,"parent":0,"menu_order":0,"comment_status":"closed","ping_status":"closed","template":"","meta":{"footnotes":""},"class_list":["post-86","page","type-page","status-publish","hentry"],"_links":{"self":[{"href":"https:\/\/www.deichbricks.de\/index.php\/wp-json\/wp\/v2\/pages\/86","targetHints":{"allow":["GET"]}}],"collection":[{"href":"https:\/\/www.deichbricks.de\/index.php\/wp-json\/wp\/v2\/pages"}],"about":[{"href":"https:\/\/www.deichbricks.de\/index.php\/wp-json\/wp\/v2\/types\/page"}],"author":[{"embeddable":true,"href":"https:\/\/www.deichbricks.de\/index.php\/wp-json\/wp\/v2\/users\/1"}],"replies":[{"embeddable":true,"href":"https:\/\/www.deichbricks.de\/index.php\/wp-json\/wp\/v2\/comments?post=86"}],"version-history":[{"count":6,"href":"https:\/\/www.deichbricks.de\/index.php\/wp-json\/wp\/v2\/pages\/86\/revisions"}],"predecessor-version":[{"id":214,"href":"https:\/\/www.deichbricks.de\/index.php\/wp-json\/wp\/v2\/pages\/86\/revisions\/214"}],"wp:attachment":[{"href":"https:\/\/www.deichbricks.de\/index.php\/wp-json\/wp\/v2\/media?parent=86"}],"curies":[{"name":"wp","href":"https:\/\/api.w.org\/{rel}","templated":true}]}}